{"id":2455,"date":"2020-03-24T13:50:09","date_gmt":"2020-03-24T13:50:09","guid":{"rendered":"http:\/\/private-german-lessons.de\/sprachunterricht\/"},"modified":"2022-01-04T17:42:07","modified_gmt":"2022-01-04T17:42:07","slug":"sprachunterricht","status":"publish","type":"page","link":"https:\/\/private-german-lessons.de\/fr\/","title":{"rendered":"Home_de"},"content":{"rendered":"","protected":false},"excerpt":{"rendered":"","protected":false},"author":1,"featured_media":0,"parent":0,"menu_order":0,"comment_status":"closed","ping_status":"closed","template":"","meta":{"footnotes":""},"class_list":["post-2455","page","type-page","status-publish","hentry"],"yoast_head":"<!-- This site is optimized with the Yoast SEO plugin v27.5 - https:\/\/yoast.com\/product\/yoast-seo-wordpress\/ -->\n<title>Cours d&#039;allemand \u00e0 Hambourg - Cours priv\u00e9 | Private German Lessons | Claudia Strobl<\/title>\n<meta name=\"description\" content=\"Vous voulez apprendre l&#039;allemand ou vous d\u00e9sirez rafra\u00eechir vos connaissances du temps de votre scolarit\u00e9.\" \/>\n<meta name=\"robots\" content=\"index, follow, max-snippet:-1, max-image-preview:large, max-video-preview:-1\" \/>\n<link rel=\"canonical\" href=\"https:\/\/private-german-lessons.de\/fr\/\" \/>\n<meta property=\"og:locale\" content=\"fr_FR\" \/>\n<meta property=\"og:type\" content=\"article\" \/>\n<meta property=\"og:title\" content=\"Cours d&#039;allemand \u00e0 Hambourg - Cours priv\u00e9 | Private German Lessons | Claudia Strobl\" \/>\n<meta property=\"og:description\" content=\"Vous voulez apprendre l&#039;allemand ou vous d\u00e9sirez rafra\u00eechir vos connaissances du temps de votre scolarit\u00e9.\" \/>\n<meta property=\"og:url\" content=\"https:\/\/private-german-lessons.de\/fr\/\" \/>\n<meta property=\"og:site_name\" content=\"private-german-lessons\" \/>\n<meta property=\"article:modified_time\" content=\"2022-01-04T17:42:07+00:00\" \/>\n<meta name=\"twitter:card\" content=\"summary_large_image\" \/>\n<script type=\"application\/ld+json\" class=\"yoast-schema-graph\">{\"@context\":\"https:\\\/\\\/schema.org\",\"@graph\":[{\"@type\":\"WebPage\",\"@id\":\"https:\\\/\\\/private-german-lessons.de\\\/fr\\\/\",\"url\":\"https:\\\/\\\/private-german-lessons.de\\\/fr\\\/\",\"name\":\"Cours d'allemand \u00e0 Hambourg - Cours priv\u00e9 | Private German Lessons | Claudia Strobl\",\"isPartOf\":{\"@id\":\"https:\\\/\\\/private-german-lessons.de\\\/#website\"},\"datePublished\":\"2020-03-24T13:50:09+00:00\",\"dateModified\":\"2022-01-04T17:42:07+00:00\",\"description\":\"Vous voulez apprendre l'allemand ou vous d\u00e9sirez rafra\u00eechir vos connaissances du temps de votre scolarit\u00e9.\",\"breadcrumb\":{\"@id\":\"https:\\\/\\\/private-german-lessons.de\\\/fr\\\/#breadcrumb\"},\"inLanguage\":\"fr-FR\",\"potentialAction\":[{\"@type\":\"ReadAction\",\"target\":[\"https:\\\/\\\/private-german-lessons.de\\\/fr\\\/\"]}]},{\"@type\":\"BreadcrumbList\",\"@id\":\"https:\\\/\\\/private-german-lessons.de\\\/fr\\\/#breadcrumb\",\"itemListElement\":[{\"@type\":\"ListItem\",\"position\":1,\"name\":\"Startseite\",\"item\":\"https:\\\/\\\/private-german-lessons.de\\\/fr\\\/\"},{\"@type\":\"ListItem\",\"position\":2,\"name\":\"Home_de\"}]},{\"@type\":\"WebSite\",\"@id\":\"https:\\\/\\\/private-german-lessons.de\\\/#website\",\"url\":\"https:\\\/\\\/private-german-lessons.de\\\/\",\"name\":\"private-german-lessons\",\"description\":\"privater Deutschunterricht\",\"potentialAction\":[{\"@type\":\"SearchAction\",\"target\":{\"@type\":\"EntryPoint\",\"urlTemplate\":\"https:\\\/\\\/private-german-lessons.de\\\/?s={search_term_string}\"},\"query-input\":{\"@type\":\"PropertyValueSpecification\",\"valueRequired\":true,\"valueName\":\"search_term_string\"}}],\"inLanguage\":\"fr-FR\"}]}<\/script>\n<!-- \/ Yoast SEO plugin. -->","yoast_head_json":{"title":"Cours d'allemand \u00e0 Hambourg - Cours priv\u00e9 | Private German Lessons | Claudia Strobl","description":"Vous voulez apprendre l'allemand ou vous d\u00e9sirez rafra\u00eechir vos connaissances du temps de votre scolarit\u00e9.","robots":{"index":"index","follow":"follow","max-snippet":"max-snippet:-1","max-image-preview":"max-image-preview:large","max-video-preview":"max-video-preview:-1"},"canonical":"https:\/\/private-german-lessons.de\/fr\/","og_locale":"fr_FR","og_type":"article","og_title":"Cours d'allemand \u00e0 Hambourg - Cours priv\u00e9 | Private German Lessons | Claudia Strobl","og_description":"Vous voulez apprendre l'allemand ou vous d\u00e9sirez rafra\u00eechir vos connaissances du temps de votre scolarit\u00e9.","og_url":"https:\/\/private-german-lessons.de\/fr\/","og_site_name":"private-german-lessons","article_modified_time":"2022-01-04T17:42:07+00:00","twitter_card":"summary_large_image","schema":{"@context":"https:\/\/schema.org","@graph":[{"@type":"WebPage","@id":"https:\/\/private-german-lessons.de\/fr\/","url":"https:\/\/private-german-lessons.de\/fr\/","name":"Cours d'allemand \u00e0 Hambourg - Cours priv\u00e9 | Private German Lessons | Claudia Strobl","isPartOf":{"@id":"https:\/\/private-german-lessons.de\/#website"},"datePublished":"2020-03-24T13:50:09+00:00","dateModified":"2022-01-04T17:42:07+00:00","description":"Vous voulez apprendre l'allemand ou vous d\u00e9sirez rafra\u00eechir vos connaissances du temps de votre scolarit\u00e9.","breadcrumb":{"@id":"https:\/\/private-german-lessons.de\/fr\/#breadcrumb"},"inLanguage":"fr-FR","potentialAction":[{"@type":"ReadAction","target":["https:\/\/private-german-lessons.de\/fr\/"]}]},{"@type":"BreadcrumbList","@id":"https:\/\/private-german-lessons.de\/fr\/#breadcrumb","itemListElement":[{"@type":"ListItem","position":1,"name":"Startseite","item":"https:\/\/private-german-lessons.de\/fr\/"},{"@type":"ListItem","position":2,"name":"Home_de"}]},{"@type":"WebSite","@id":"https:\/\/private-german-lessons.de\/#website","url":"https:\/\/private-german-lessons.de\/","name":"private-german-lessons","description":"privater Deutschunterricht","potentialAction":[{"@type":"SearchAction","target":{"@type":"EntryPoint","urlTemplate":"https:\/\/private-german-lessons.de\/?s={search_term_string}"},"query-input":{"@type":"PropertyValueSpecification","valueRequired":true,"valueName":"search_term_string"}}],"inLanguage":"fr-FR"}]}},"_links":{"self":[{"href":"https:\/\/private-german-lessons.de\/fr\/wp-json\/wp\/v2\/pages\/2455","targetHints":{"allow":["GET"]}}],"collection":[{"href":"https:\/\/private-german-lessons.de\/fr\/wp-json\/wp\/v2\/pages"}],"about":[{"href":"https:\/\/private-german-lessons.de\/fr\/wp-json\/wp\/v2\/types\/page"}],"author":[{"embeddable":true,"href":"https:\/\/private-german-lessons.de\/fr\/wp-json\/wp\/v2\/users\/1"}],"replies":[{"embeddable":true,"href":"https:\/\/private-german-lessons.de\/fr\/wp-json\/wp\/v2\/comments?post=2455"}],"version-history":[{"count":0,"href":"https:\/\/private-german-lessons.de\/fr\/wp-json\/wp\/v2\/pages\/2455\/revisions"}],"wp:attachment":[{"href":"https:\/\/private-german-lessons.de\/fr\/wp-json\/wp\/v2\/media?parent=2455"}],"curies":[{"name":"wp","href":"https:\/\/api.w.org\/{rel}","templated":true}]}}